{"id":80,"date":"2020-01-22T11:00:43","date_gmt":"2020-01-22T11:00:43","guid":{"rendered":"http:\/\/jaais.eu\/?page_id=80"},"modified":"2025-12-01T17:40:16","modified_gmt":"2025-12-01T17:40:16","slug":"colegiul-editorial","status":"publish","type":"page","link":"https:\/\/jaais.eu\/en\/colegiul-editorial\/","title":{"rendered":""},"content":{"rendered":"\n<p style=\"text-align: justify;\"><strong>Dr. Angela SIMALCSIK <\/strong>(Main Editor), anthropologist, \u201dOlga Necrasov\u201d Center for Anthropological Research, Romanian Academy Ia\u015fi Branch, Romania; Institute of Bioarchaeological and Ethnocultural Research, Chisinau, Republic of Moldova; \u201dOrheiul Vechi\u201d Cultural-Natural Reserve, Republic of Moldova<\/p>\n<p style=\"text-align: justify; text-justify: inter-ideograph;\"><strong>Dr. Bianca PREDA-B\u0102L\u0102NIC\u0102<\/strong>, archaeologist, Department of Cultures, University of Helsinki, Finland<\/p>\n<p style=\"text-align: justify;\"><strong>Dr. Daniel GARV\u0102N, <\/strong>archaeologist, Buzau County Museum, Romania<\/p>\n<p style=\"text-align: justify;\"><strong>Dr. \u0218tefan VASILE, <\/strong>geologist, Department of Geology, Faculty of Geology and Geophysics, University of Bucharest, Bucharest, Romania; Institute of Bioarchaeological and Ethnocultural Research, Chisinau, Republic of Moldova<\/p>\n<p style=\"text-align: justify;\"><strong>Dr. Cristian Eduard \u0218TEFAN, <\/strong>archaeologist, &#8220;Vasile P\u00e2rvan&#8221; Institute of Archeology, Bucharest, Romanian Academy, Romania; Institute of Bioarchaeological and Ethnocultural Research, Chisinau, Republic of Moldova<\/p>\n<p><strong>Dr. Denis TOPAL<\/strong>, archaeologist, The National Museum of History of Moldova, Chisinau, Republic of Moldova; High Anthropological School, Chi\u0219in\u0103u, Republic of Moldova; National Archaeological Agency, Chi\u0219in\u0103u, Republic of Moldova<\/p>\n","protected":false},"excerpt":{"rendered":"<p>Dr. Angela SIMALCSIK (Main Editor), anthropologist, \u201dOlga Necrasov\u201d Center for Anthropological Research, Romanian Academy Ia\u015fi Branch, Romania; Institute of Bioarchaeological and Ethnocultural Research, Chisinau, Republic of Moldova; \u201dOrheiul Vechi\u201d Cultural-Natural Reserve, Republic of Moldova Dr. Bianca PREDA-B\u0102L\u0102NIC\u0102, archaeologist, Department of Cultures, University&hellip;<\/p>\n","protected":false},"author":2,"featured_media":0,"parent":0,"menu_order":0,"comment_status":"closed","ping_status":"closed","template":"","meta":{"footnotes":""},"class_list":["post-80","page","type-page","status-publish","hentry"],"_links":{"self":[{"href":"https:\/\/jaais.eu\/en\/wp-json\/wp\/v2\/pages\/80","targetHints":{"allow":["GET"]}}],"collection":[{"href":"https:\/\/jaais.eu\/en\/wp-json\/wp\/v2\/pages"}],"about":[{"href":"https:\/\/jaais.eu\/en\/wp-json\/wp\/v2\/types\/page"}],"author":[{"embeddable":true,"href":"https:\/\/jaais.eu\/en\/wp-json\/wp\/v2\/users\/2"}],"replies":[{"embeddable":true,"href":"https:\/\/jaais.eu\/en\/wp-json\/wp\/v2\/comments?post=80"}],"version-history":[{"count":41,"href":"https:\/\/jaais.eu\/en\/wp-json\/wp\/v2\/pages\/80\/revisions"}],"predecessor-version":[{"id":1009,"href":"https:\/\/jaais.eu\/en\/wp-json\/wp\/v2\/pages\/80\/revisions\/1009"}],"wp:attachment":[{"href":"https:\/\/jaais.eu\/en\/wp-json\/wp\/v2\/media?parent=80"}],"curies":[{"name":"wp","href":"https:\/\/api.w.org\/{rel}","templated":true}]}}