{"id":5,"date":"2019-11-29T11:31:04","date_gmt":"2019-11-29T11:31:04","guid":{"rendered":"http:\/\/jaais.eu\/?page_id=5"},"modified":"2025-12-01T17:38:07","modified_gmt":"2025-12-01T17:38:07","slug":"colegiul-de-redactie","status":"publish","type":"page","link":"https:\/\/jaais.eu\/en\/colegiul-de-redactie\/","title":{"rendered":""},"content":{"rendered":"\n<p style=\"text-align: justify;\"><strong>Dr. Angela SIMALCSIK, <\/strong>Editor in chief, \u201dOlga Necrasov\u201d Center of Anthropological Research, Romanian Academy Ia\u015fi Branch, Romania; Institute of Bioarchaeological and Ethnocultural Research, Chisinau, Cultural-Natural Reserve \u201dOrheiul Vechi\u201d, Republic of Moldova<\/p>\n<p style=\"text-align: justify;\"><strong>Ion CIOBANU, <\/strong>editorial assistant, Institute of Bioarchaeological and Ethnocultural Research, Chisinau; Cultural-Natural Reserve \u201dOrheiul Vechi\u201d, Republic of Moldova<\/p>\n<p style=\"text-align: justify;\"><strong>Prof. Paul PETTITT, <\/strong>Department of Archaeology, Durham University, United Kingdom<\/p>\n<p style=\"text-align: justify;\"><strong>Dr. Denis TOPAL<\/strong>, The National Museum of History of Moldova, Chisinau, Republic of Moldova; High Anthropological School, Chi\u0219in\u0103u, Republic of Moldova; National Archaeological Agency, Chi\u0219in\u0103u, Republic of Moldova<\/p>\n<p style=\"text-align: justify;\"><strong>Dr. Cristian Eduard \u0218TEFAN, <\/strong>\u201dVasile P\u00e2rvan\u201d Institute of Archaeology, Romanian Academy, Bucharest, Romania; Institute of Bioarchaeological and Ethnocultural Research, Chisinau, Republic of Moldova<\/p>\n<p><strong>Dr. Mircea ANGHELINU<\/strong>, Faculty of Humanities, Valahia University of T\u00e2rgovi\u0219te, Romania<\/p>\n<p style=\"text-align: justify;\"><strong>Dr. \u015etefan VASILE, <\/strong>Department of Geology, Faculty of Geology and Geophysics, University of Bucharest, Romania; Institute of Bioarchaeological and Ethnocultural Research, Chisinau, Republic of Moldova<\/p>\n<p style=\"text-align: justify;\"><strong>Dr. Gabriel VASILE, <\/strong>\u201dVasile P\u00e2rvan\u201d Institute of Archaeology, Romanian Academy, Bucharest, Romania; Institute of Bioarchaeological and Ethnocultural Research, Chisinau, Republic of Moldova<\/p>\n<p><strong>Dr. Daniel GARV\u0102N,<\/strong> Buz\u0103u County Museum, Romania<\/p>\n<p style=\"text-align: justify;\"><strong>Dr. Vasile DIACONU, <\/strong>Museum of History and Ethnography T\u00e2rgu Neam\u0163, Romania; Institute of Bioarchaeological and Ethnocultural Research, Chisinau, Republic of Moldova<\/p>\n<p><strong>Dr. Roxana MUNTEANU, <\/strong>Buz\u0103u County Museum, Romania<\/p>\n<p><strong>Dr. Bianca PREDA-B\u0102L\u0102NIC\u0102,<\/strong> Department of Cultures, University of Helsinki, Finland<\/p>\n<p style=\"text-align: justify;\"><strong>Dr. doc. Oksana HRYTSYUTA, <\/strong>\u201dK. D. Ushinskii\u201d National Pedagogical University of Southern Ukraine, Ukraine; Institute of Bioarchaeological and Ethnocultural Research, Chisinau, Republic of Moldova<\/p>\n<p style=\"text-align: justify;\"><strong>Dr. hab. Vitalij SINIKA,<\/strong> Scientific Research Laboratory &#8220;Archeology&#8221;, State University of Transnistria &#8220;T. G. Shevchenko\u201d, Tiraspol, Republic of Moldova<\/p>\n<p style=\"text-align: justify;\"><strong>Dr. Dmitrii KIRICENKO, <\/strong>Institute of Archaeology and Ethnography of the Academy of Sciences, Baku, Azerbaijan<\/p>\n<p style=\"text-align: justify;\"><strong>Dr. Dorina ONIC\u0102, <\/strong>National Museum of Ethnography and Natural History, Chisinau; Institute of Bioarchaeological and Ethnocultural Research, Chisinau, Republic of Moldova<\/p>\n<p style=\"text-align: justify;\"><strong>Dr. Alexandru BERZOVAN,<\/strong> Ia\u0219i Institute of Archaeology, Romanian Academy Ia\u0219i Branch, Romania<\/p>\n<p style=\"text-align: justify;\"><strong>Silviu-Constantin CEAU\u0218U, <\/strong>Neam\u021b County Museum Complex, Piatra Neam\u021b, Romania<\/p>\n<p style=\"text-align: justify;\"><strong>Dr. Andrei COROBCEAN, <\/strong>State University of Moldova; Institute of Bioarchaeological and Ethnocultural Research, Chisinau, Republic of Moldova<\/p>\n<p><strong>Dr. Lucian MUNTEANU,<\/strong> Ia\u0219i Institute of Archaeology, Romanian Academy Ia\u0219i Branch, Romania<\/p>\n<p><strong>Andrei BALTAG<\/strong>, Ia\u0219i Institute of Archaeology, Romanian Academy Ia\u0219i Branch, Romania<\/p>\n<p><strong>Marian LIE,<\/strong> Ia\u0219i Institute of Archaeology, Romanian Academy Ia\u0219i Branch, Romania<\/p>\n<p><strong>Cristina-Elena CORDO\u0218,<\/strong> Ia\u0219i Institute of Archaeology, Romanian Academy Ia\u0219i Branch, Romania<\/p>\n<p><strong>Dr. Lilia DERGACIOVA,<\/strong> \u201dVasile P\u00e2rvan\u201d Institute of Archaeology, Romanian Academy, Bucharest, Romania<\/p>\n<p style=\"text-align: justify;\"><strong>Dr. Mariana COCIERU, <\/strong>\u201dBogdan Petriceicu-Hasdeu\u201d Institute of Romanian Philology, Chisinau, Republic of Moldova; Institute of Bioarchaeological and Ethnocultural Research, Chisinau, Republic of Moldova<\/p>\n<p style=\"text-align: justify;\"><strong>Dr. Robert-Daniel SIMALCSIK,<\/strong> \u201dOlga Necrasov\u201d Center of Anthropological Research, Romanian Academy Ia\u015fi Branch, Romania; Institute of Bioarchaeological and Ethnocultural Research, Chisinau, Republic of Moldova<\/p>\n<p style=\"text-align: justify;\"><strong>Dr. Ioan Sebastian BRUM\u0102,<\/strong> \u201dGh. Zane\u201d Institute of Economic and Social Research, Romanian Academy Ia\u0219i Branch, Romania; Institute of Bioarchaeological and Ethnocultural Research, Chisinau, Republic of Moldova<\/p>\n<p style=\"text-align: justify;\"><strong>Dr. C\u0103t\u0103lin-George FEDOR,<\/strong> \u201dOlga Necrasov\u201d Center for Anthropological Research, Romanian Academy Ia\u015fi Branch, Romania; Institute of Bioarchaeological and Ethnocultural Research, Chisinau, Republic of Moldova<\/p>\n<p><strong>Dr. Lavinia GRUMEZA,<\/strong> Ia\u0219i Institute of Archaeology, Romanian Academy Ia\u0219i Branch, Romania<\/p>\n<p><strong>Dr. Andrei AS\u0102NDULESEI,\u00a0<\/strong>Arheoinvest Center, Department of Exact Sciences and Natural Sciences, Interdisciplinary Research Institute, \u201dAlexandru Ioan Cuza\u201d University Ia\u0219i, Romania<\/p>\n<p><strong>Dr. Victor COJOCARU,<\/strong> Ia\u0219i Institute of Archaeology, Romanian Academy Ia\u0219i Branch, Romania<\/p>\n<p><strong>Dr. George BODI,<\/strong> Ia\u0219i Institute of Archaeology, Romanian Academy Ia\u0219i Branch, Romania; Institute of Bioarchaeological and Ethnocultural Research, Chisinau, Republic of Moldova<\/p>\n<p><strong>Dr. \u0218tefan HONCU,<\/strong> Ia\u0219i Institute of Archaeology, Romanian Academy Ia\u0219i Branch, Romania<\/p>\n<p style=\"text-align: justify;\"><strong>Dr. Bogdan HAIDUC,<\/strong> \u201dAlexandru Ioan Cuza\u201d University, Ia\u0219i, Rom\u00e2nia; Institute of Bioarchaeological and Ethnocultural Research, Chisinau, Republic of Moldova<\/p>\n<p style=\"text-align: justify;\"><strong>Dr. Raluca KOG\u0102LNICEANU, <\/strong>\u201dVasile P\u00e2rvan\u201d Institute of Archaeology, Romanian Academy, Bucharest, Romania; Institute of Bioarchaeological and Ethnocultural Research, Chisinau, Republic of Moldova<\/p>\n<p><strong>Dr. Vlad VORNIC, <\/strong>National Archaeological Agency, Chisinau, Republic of Moldova; Institute of Bioarchaeological and Ethnocultural Research, Chisinau, Republic of Moldova<\/p>\n<p><strong>Dr. Sergiu-Adi LOGHIN<\/strong> (Department of Geology, Faculty of Geography and Geology, &#8220;Alexandru Ioan Cuza&#8221; University in Iasi, Romania)<\/p>\n<p><strong>Dr. Bogdan Gabriel R\u0102\u021aOI<\/strong> (Department of Geology, Faculty of Geography and Geology, &#8220;Alexandru Ioan Cuza&#8221; University in Iasi, Romania)<\/p>\n<p><strong>Drd. Elena-Ionela P\u0102UN<\/strong> (Department of Geology, Faculty of Geography and Geology, &#8220;Alexandru Ioan Cuza&#8221; University in Iasi, Romania)<\/p>\n<p><strong>Drd. Bogdan-Alexandru TORC\u0102RESCU\u00a0<\/strong>(Faculty of Geology and Geophysics, University of Bucharest; Institute of Geology in Romania)<\/p>\n<p style=\"text-align: justify;\"><strong>Alexandru KOV\u00c1CS,<\/strong> translator (English, French, German), National Museum of Bukovina, Suceava, Romania<\/p>\n<p><strong>Dr. Denis TOPAL,<\/strong> cover concept, Republic of Moldova<\/p>\n<p><strong>Dr. Bianca PREDA-B\u0102L\u0102NIC\u0102,<\/strong> graphic concept, Finland<\/p>\n<p><strong>Dr. Mihai B\u0102\u021a, layout design,<\/strong> Republic of Moldova<\/p>\n<p style=\"text-align: justify;\"><em>The editorial board is not responsible for the opinions expressed by the authors.<\/em><\/p>\n<p style=\"text-align: justify;\"><em>All papers published in the Journal of Archaeology, Anthropology and Interdisciplinary Studies (JAAIS) are reviewed by specialists (peer-reviewed journal).<\/em><\/p>\n","protected":false},"excerpt":{"rendered":"<p>Dr. Angela SIMALCSIK, Editor in chief, \u201dOlga Necrasov\u201d Center of Anthropological Research, Romanian Academy Ia\u015fi Branch, Romania; Institute of Bioarchaeological and Ethnocultural Research, Chisinau, Cultural-Natural Reserve \u201dOrheiul Vechi\u201d, Republic of Moldova Ion CIOBANU, editorial assistant, Institute of Bioarchaeological and Ethnocultural Research, Chisinau;&hellip;<\/p>\n","protected":false},"author":1,"featured_media":0,"parent":0,"menu_order":0,"comment_status":"closed","ping_status":"closed","template":"","meta":{"footnotes":""},"class_list":["post-5","page","type-page","status-publish","hentry"],"_links":{"self":[{"href":"https:\/\/jaais.eu\/en\/wp-json\/wp\/v2\/pages\/5","targetHints":{"allow":["GET"]}}],"collection":[{"href":"https:\/\/jaais.eu\/en\/wp-json\/wp\/v2\/pages"}],"about":[{"href":"https:\/\/jaais.eu\/en\/wp-json\/wp\/v2\/types\/page"}],"author":[{"embeddable":true,"href":"https:\/\/jaais.eu\/en\/wp-json\/wp\/v2\/users\/1"}],"replies":[{"embeddable":true,"href":"https:\/\/jaais.eu\/en\/wp-json\/wp\/v2\/comments?post=5"}],"version-history":[{"count":73,"href":"https:\/\/jaais.eu\/en\/wp-json\/wp\/v2\/pages\/5\/revisions"}],"predecessor-version":[{"id":1005,"href":"https:\/\/jaais.eu\/en\/wp-json\/wp\/v2\/pages\/5\/revisions\/1005"}],"wp:attachment":[{"href":"https:\/\/jaais.eu\/en\/wp-json\/wp\/v2\/media?parent=5"}],"curies":[{"name":"wp","href":"https:\/\/api.w.org\/{rel}","templated":true}]}}