{"id":11,"date":"2019-11-29T11:36:15","date_gmt":"2019-11-29T11:36:15","guid":{"rendered":"http:\/\/jaais.eu\/?page_id=11"},"modified":"2021-09-14T10:41:28","modified_gmt":"2021-09-14T10:41:28","slug":"distributie","status":"publish","type":"page","link":"https:\/\/jaais.eu\/en\/distributie\/","title":{"rendered":""},"content":{"rendered":"\n<div style=\"text-align: justify;\">\n<p><strong>List of institutions to which JAAIS journal was disseminated:<\/strong><\/p>\n<ul>\n<li>Archeology Museum, Odessa, Ukraine<\/li>\n<li>Buz\u0103u County Museum, Romania<\/li>\n<li>Center of Archeology, Institute of Cultural Heritage, Chi\u015fin\u0103u, Republic of Moldova<\/li>\n<li>Center of Anthropological Research \u201dOlga Necrasov\u201d, Ia\u015fi, Romania<\/li>\n<li>Eco-Museum Research Institute \u201dGavril\u0103 Simion\u201d, Tulcea, Romania<\/li>\n<li>Faculty of History and Philosophy of the State University of Moldova, Chi\u015fin\u0103u, Republic of Moldova<\/li>\n<li>High Anthropological School University, Chi\u015fin\u0103u, Republic of Moldova<\/li>\n<li>History Museum \u201dPaul P\u0103lt\u0103nea\u201d, Gala\u0163i, Romania<\/li>\n<li>Hungarian Academy of Sciences, Budapest, Hungary<\/li>\n<li>Institute of Anthropology \u201dFr. I. Rainer\u201d, Bucharest, Romania<\/li>\n<li>Institute of Archeology, Ia\u015fi, Romania<\/li>\n<li>Institute of Archeology \u201dVasile P\u00e2rvan\u201d, Bucharest, Romania<\/li>\n<li>Institute of Archeology and Art History, Cluj, Romania<\/li>\n<li>Institute of Economic and Social Research \u201dGh. Zane\u201d, Ia\u015fi, Romania<\/li>\n<li>Institute of Romanian Philology \u201dA. Philippide\u201d, Ia\u015fi, Romania<\/li>\n<li>Institute of Archeology of the National Academy of Sciences of Ukraine, Kiev, Ukraine<\/li>\n<li>Museum of Eneolithic Art Cucuteni, Piatra Neam\u0163, Romania<\/li>\n<li>Museum of History, Roman, Romania<\/li>\n<li>Museum of History and Ethnography, Tg. Neam\u0163, Romania<\/li>\n<li>National Archaeological Agency, Chi\u015fin\u0103u, Republic of Moldova<\/li>\n<li>National Museum of History, Chisinau, Republic of Moldova<\/li>\n<li>National Museum of History of Transylvania, Cluj, Romania<\/li>\n<li>National University \u201dI. I. Mechnikov\u201d, Odessa, Ukraine<\/li>\n<li>National Pedagogical University \u201dK. D. Ushinski\u201d, Odessa, Ukraine<\/li>\n<li>\u201dNicolay Gorboli\u201d University, Moscow, Russia<\/li>\n<li>People&#8217;s Friendship University of Russia, Moscow, Russia<\/li>\n<li>Prahova Museum of History and Archeology, Romania<\/li>\n<li>Romanian Academy Ia\u015fi Branch, Romania<\/li>\n<li>Russian Academy of Sciences, Moscow, Russia<\/li>\n<li>State University \u201dBogdan Petriceicu Hasdeu\u201d, Cahul, Republic of Moldova<\/li>\n<li>State Pedagogical University \u201dIon Creang\u0103\u201d, Chi\u015fin\u0103u, Republic of Moldova<\/li>\n<li>Tiraspol State University \u201dT.G. Shevchenko\u201d, Tiraspol, Republic of Moldova<\/li>\n<li>Tiraspol State University, Tiraspol, Republic of Moldova<\/li>\n<li>\u201dAdam Mickiewicz\u201d University of Pozna\u0144, Poland<\/li>\n<li>University of Bristol, United Kingdom<\/li>\n<\/ul>\n<\/div>\n","protected":false},"excerpt":{"rendered":"<p>List of institutions to which JAAIS journal was disseminated: Archeology Museum, Odessa, Ukraine Buz\u0103u County Museum, Romania Center of Archeology, Institute of Cultural Heritage, Chi\u015fin\u0103u, Republic of Moldova Center of Anthropological Research \u201dOlga Necrasov\u201d, Ia\u015fi, Romania Eco-Museum Research Institute \u201dGavril\u0103 Simion\u201d, Tulcea,&hellip;<\/p>\n","protected":false},"author":1,"featured_media":0,"parent":0,"menu_order":0,"comment_status":"closed","ping_status":"closed","template":"","meta":{"footnotes":""},"class_list":["post-11","page","type-page","status-publish","hentry"],"_links":{"self":[{"href":"https:\/\/jaais.eu\/en\/wp-json\/wp\/v2\/pages\/11","targetHints":{"allow":["GET"]}}],"collection":[{"href":"https:\/\/jaais.eu\/en\/wp-json\/wp\/v2\/pages"}],"about":[{"href":"https:\/\/jaais.eu\/en\/wp-json\/wp\/v2\/types\/page"}],"author":[{"embeddable":true,"href":"https:\/\/jaais.eu\/en\/wp-json\/wp\/v2\/users\/1"}],"replies":[{"embeddable":true,"href":"https:\/\/jaais.eu\/en\/wp-json\/wp\/v2\/comments?post=11"}],"version-history":[{"count":16,"href":"https:\/\/jaais.eu\/en\/wp-json\/wp\/v2\/pages\/11\/revisions"}],"predecessor-version":[{"id":439,"href":"https:\/\/jaais.eu\/en\/wp-json\/wp\/v2\/pages\/11\/revisions\/439"}],"wp:attachment":[{"href":"https:\/\/jaais.eu\/en\/wp-json\/wp\/v2\/media?parent=11"}],"curies":[{"name":"wp","href":"https:\/\/api.w.org\/{rel}","templated":true}]}}